{"id":4985,"date":"2021-09-09T11:59:19","date_gmt":"2021-09-09T11:59:19","guid":{"rendered":"https:\/\/nkkras.it\/2021\/?page_id=4985"},"modified":"2026-03-30T02:00:18","modified_gmt":"2026-03-30T02:00:18","slug":"direttivo","status":"publish","type":"page","link":"https:\/\/nkkras.it\/2021\/index.php\/direttivo\/?lang=sl","title":{"rendered":"Vodstvo"},"content":{"rendered":"\n<div class=\"wp-container-1 wp-block-group\"><div class=\"wp-block-group__inner-container\">\n<div style=\"height:28px\" aria-hidden=\"true\" class=\"wp-block-spacer\"><\/div>\n\n\n\n<div class=\"wp-block-columns\">\n<div class=\"wp-block-column\">\n<p class=\"has-text-align-center has-medium-font-size\">Anno di fondazione <\/p>\n\n\n\n<p class=\"has-text-align-center has-large-font-size\"><strong>1986<\/strong><\/p>\n<\/div>\n\n\n\n<div class=\"wp-block-column\">\n<p class=\"has-text-align-center has-medium-font-size\">Colori sociali <\/p>\n\n\n\n<p class=\"has-text-align-center has-large-font-size\"><strong>Bianco &#8211; Rosso<\/strong><\/p>\n<\/div>\n\n\n\n<div class=\"wp-block-column\">\n<p class=\"has-text-align-center has-medium-font-size\">Affiliazioni <\/p>\n\n\n\n<p class=\"has-text-align-center has-large-font-size\"><strong>FIGC, ZS\u0160DI<\/strong><\/p>\n<\/div>\n<\/div>\n\n\n\n<div style=\"height:46px\" aria-hidden=\"true\" class=\"wp-block-spacer\"><\/div>\n<\/div><\/div>\n\n<h2 class=\"has-text-align-center has-large-font-size\"><strong>ORGANIGRAMMA SOCIETARIO<\/strong><\/h2>\n\n\n\n<div style=\"height:31px\" aria-hidden=\"true\" class=\"wp-block-spacer\"><\/div>\n\n\n\n<div class=\"wp-block-columns has-very-light-gray-to-cyan-bluish-gray-gradient-background has-background\">\n<div class=\"wp-block-column\">\n<figure class=\"wp-block-gallery has-nested-images columns-default is-cropped\">\n<figure class=\"wp-block-image size-full\"><img loading=\"lazy\" width=\"1000\" height=\"1000\" src=\"https:\/\/nkkras.it\/2021\/wp-content\/uploads\/2024\/08\/Kocman-1.jpg\" alt=\"\" class=\"wp-image-35588\" srcset=\"https:\/\/nkkras.it\/2021\/wp-content\/uploads\/2024\/08\/Kocman-1.jpg 1000w, https:\/\/nkkras.it\/2021\/wp-content\/uploads\/2024\/08\/Kocman-1-300x300.jpg 300w, https:\/\/nkkras.it\/2021\/wp-content\/uploads\/2024\/08\/Kocman-1-150x150.jpg 150w, https:\/\/nkkras.it\/2021\/wp-content\/uploads\/2024\/08\/Kocman-1-768x768.jpg 768w, https:\/\/nkkras.it\/2021\/wp-content\/uploads\/2024\/08\/Kocman-1-310x310.jpg 310w, https:\/\/nkkras.it\/2021\/wp-content\/uploads\/2024\/08\/Kocman-1-60x60.jpg 60w, https:\/\/nkkras.it\/2021\/wp-content\/uploads\/2024\/08\/Kocman-1-400x400.jpg 400w\" sizes=\"(max-width: 1000px) 100vw, 1000px\" \/><\/figure>\n<\/figure>\n\n\n\n<p class=\"has-text-align-center\"><strong>Presidente<\/strong><\/p>\n\n\n\n<p class=\"has-text-align-center\">Goran Kocman<\/p>\n<\/div>\n\n\n\n<div class=\"wp-block-column\">\n<figure class=\"wp-block-gallery has-nested-images columns-default is-cropped\">\n<figure class=\"wp-block-image size-full\"><img loading=\"lazy\" width=\"677\" height=\"678\" src=\"https:\/\/nkkras.it\/2021\/wp-content\/uploads\/2024\/08\/Vojmir-Kocman-edited.jpg\" alt=\"\" class=\"wp-image-35628\" srcset=\"https:\/\/nkkras.it\/2021\/wp-content\/uploads\/2024\/08\/Vojmir-Kocman-edited.jpg 677w, https:\/\/nkkras.it\/2021\/wp-content\/uploads\/2024\/08\/Vojmir-Kocman-edited-300x300.jpg 300w, https:\/\/nkkras.it\/2021\/wp-content\/uploads\/2024\/08\/Vojmir-Kocman-edited-150x150.jpg 150w, https:\/\/nkkras.it\/2021\/wp-content\/uploads\/2024\/08\/Vojmir-Kocman-edited-310x310.jpg 310w, https:\/\/nkkras.it\/2021\/wp-content\/uploads\/2024\/08\/Vojmir-Kocman-edited-60x60.jpg 60w, https:\/\/nkkras.it\/2021\/wp-content\/uploads\/2024\/08\/Vojmir-Kocman-edited-400x400.jpg 400w\" sizes=\"(max-width: 677px) 100vw, 677px\" \/><\/figure>\n<\/figure>\n\n\n\n<p class=\"has-text-align-center\"><strong>Main Sponsor <\/strong><\/p>\n\n\n\n<p class=\"has-text-align-center\">Vojmir Kocman<\/p>\n<\/div>\n\n\n\n<div class=\"wp-block-column\">\n<figure class=\"wp-block-gallery has-nested-images columns-default is-cropped\">\n<figure class=\"wp-block-image size-large\"><img loading=\"lazy\" width=\"1000\" height=\"1000\" src=\"https:\/\/nkkras.it\/2021\/wp-content\/uploads\/2024\/08\/missing-photo-Kras-Repen.png\" alt=\"\" class=\"wp-image-35379\" srcset=\"https:\/\/nkkras.it\/2021\/wp-content\/uploads\/2024\/08\/missing-photo-Kras-Repen.png 1000w, https:\/\/nkkras.it\/2021\/wp-content\/uploads\/2024\/08\/missing-photo-Kras-Repen-300x300.png 300w, https:\/\/nkkras.it\/2021\/wp-content\/uploads\/2024\/08\/missing-photo-Kras-Repen-150x150.png 150w, https:\/\/nkkras.it\/2021\/wp-content\/uploads\/2024\/08\/missing-photo-Kras-Repen-768x768.png 768w, https:\/\/nkkras.it\/2021\/wp-content\/uploads\/2024\/08\/missing-photo-Kras-Repen-310x310.png 310w, https:\/\/nkkras.it\/2021\/wp-content\/uploads\/2024\/08\/missing-photo-Kras-Repen-60x60.png 60w, https:\/\/nkkras.it\/2021\/wp-content\/uploads\/2024\/08\/missing-photo-Kras-Repen-400x400.png 400w\" sizes=\"(max-width: 1000px) 100vw, 1000px\" \/><\/figure>\n<\/figure>\n\n\n\n<p class=\"has-text-align-center\"><strong>Vice presidente<\/strong><\/p>\n\n\n\n<p class=\"has-text-align-center\">Edoardo \u0160kabar<\/p>\n<\/div>\n\n\n\n<div class=\"wp-block-column\">\n<figure class=\"wp-block-gallery has-nested-images columns-default is-cropped\">\n<figure class=\"wp-block-image size-full\"><img loading=\"lazy\" width=\"1000\" height=\"1000\" src=\"https:\/\/nkkras.it\/2021\/wp-content\/uploads\/2024\/08\/Simeoni-1.jpg\" alt=\"\" class=\"wp-image-35564\" srcset=\"https:\/\/nkkras.it\/2021\/wp-content\/uploads\/2024\/08\/Simeoni-1.jpg 1000w, https:\/\/nkkras.it\/2021\/wp-content\/uploads\/2024\/08\/Simeoni-1-300x300.jpg 300w, https:\/\/nkkras.it\/2021\/wp-content\/uploads\/2024\/08\/Simeoni-1-150x150.jpg 150w, https:\/\/nkkras.it\/2021\/wp-content\/uploads\/2024\/08\/Simeoni-1-768x768.jpg 768w, https:\/\/nkkras.it\/2021\/wp-content\/uploads\/2024\/08\/Simeoni-1-310x310.jpg 310w, https:\/\/nkkras.it\/2021\/wp-content\/uploads\/2024\/08\/Simeoni-1-60x60.jpg 60w, https:\/\/nkkras.it\/2021\/wp-content\/uploads\/2024\/08\/Simeoni-1-400x400.jpg 400w\" sizes=\"(max-width: 1000px) 100vw, 1000px\" \/><\/figure>\n<\/figure>\n\n\n\n<p class=\"has-text-align-center\"><strong>Team Manager <\/strong><\/p>\n\n\n\n<p class=\"has-text-align-center\">Tullio Simeoni<\/p>\n<\/div>\n<\/div>\n\n<div class=\"wp-container-2 wp-block-group\"><div class=\"wp-block-group__inner-container\">\n<div style=\"height:25px\" aria-hidden=\"true\" class=\"wp-block-spacer\"><\/div>\n\n\n\n<figure class=\"wp-block-table allinea-sinistra is-style-stripes\"><table class=\"has-fixed-layout\"><tbody><tr><td class=\"has-text-align-center\" data-align=\"center\"><strong>CONSIGLIO DIRETTIVO<\/strong><\/td><td>Luciana \u010cuk<br>Vojmir Kocman<br>Bruno Mili\u010d<br>Massimiliano Pertot<br>Alenka Renar<br>Roberta \u0160kabar<\/td><\/tr><tr><td class=\"has-text-align-center\" data-align=\"center\"><strong>SEGRETERIA<\/strong><\/td><td>Emanuela Trampuz<\/td><\/tr><tr><td class=\"has-text-align-center\" data-align=\"center\"><strong>CASSIERE<\/strong><\/td><td>Roberta \u0160kabar<\/td><\/tr><tr><td class=\"has-text-align-center\" data-align=\"center\"><strong>CUSTODE CAMPO REPEN<\/strong><\/td><td>Stole Koteski<\/td><\/tr><\/tbody><\/table><figcaption>stagione 2024\/2025<\/figcaption><\/figure>\n<\/div><\/div>\n\n<div class=\"wp-container-4 wp-block-group\"><div class=\"wp-block-group__inner-container\">\n<div style=\"height:112px\" aria-hidden=\"true\" class=\"wp-block-spacer\"><\/div>\n\n\n\n<h2 class=\"has-text-align-center has-large-font-size\"><strong>LE NOSTRE SEDI<\/strong><\/h2>\n\n\n\n<div style=\"height:30px\" aria-hidden=\"true\" class=\"wp-block-spacer\"><\/div>\n\n\n\n<div class=\"wp-block-columns has-very-light-gray-to-cyan-bluish-gray-gradient-background has-background\">\n<div class=\"wp-block-column is-vertically-aligned-center\">\n<h4 class=\"has-black-color has-text-color\"><strong>SEDE AMMINISTRATIVA<\/strong><\/h4>\n\n\n\n<p>Via Nazionale, 47\/1 \u2013 34151 Villa Opicina (Trieste)<\/p>\n\n\n\n<p>Orario apertura ufficio:<\/p>\n\n\n\n<p>MAR: 16.00-19.00 e VEN: 16.00-19.00<\/p>\n\n\n\n<div class=\"wp-container-3 wp-block-buttons bottom-space\">\n<div class=\"wp-block-button has-custom-font-size has-small-font-size\"><a class=\"wp-block-button__link has-background\" href=\"https:\/\/www.nkkras.it\/2021\/index.php\/contatti\" style=\"border-radius:5px;background-color:#e30613\"><strong>CONTATTACI<\/strong><\/a><\/div>\n<\/div>\n<\/div>\n\n\n\n<div class=\"wp-block-column is-vertically-aligned-center\">\n<figure class=\"wp-block-gallery has-nested-images columns-default is-cropped\">\n<figure class=\"wp-block-image size-medium\"><img loading=\"lazy\" width=\"217\" height=\"300\" src=\"https:\/\/nkkras.it\/2021\/wp-content\/uploads\/2024\/08\/IMG_5030-217x300.jpg\" alt=\"\" class=\"wp-image-35470\" srcset=\"https:\/\/nkkras.it\/2021\/wp-content\/uploads\/2024\/08\/IMG_5030-217x300.jpg 217w, https:\/\/nkkras.it\/2021\/wp-content\/uploads\/2024\/08\/IMG_5030-740x1024.jpg 740w, https:\/\/nkkras.it\/2021\/wp-content\/uploads\/2024\/08\/IMG_5030-768x1062.jpg 768w, https:\/\/nkkras.it\/2021\/wp-content\/uploads\/2024\/08\/IMG_5030-1110x1536.jpg 1110w, https:\/\/nkkras.it\/2021\/wp-content\/uploads\/2024\/08\/IMG_5030-1480x2048.jpg 1480w, https:\/\/nkkras.it\/2021\/wp-content\/uploads\/2024\/08\/IMG_5030-310x429.jpg 310w, https:\/\/nkkras.it\/2021\/wp-content\/uploads\/2024\/08\/IMG_5030-60x83.jpg 60w, https:\/\/nkkras.it\/2021\/wp-content\/uploads\/2024\/08\/IMG_5030-scaled.jpg 1851w\" sizes=\"(max-width: 217px) 100vw, 217px\" \/><\/figure>\n<\/figure>\n<\/div>\n\n\n\n<div class=\"wp-block-column is-vertically-aligned-center\" style=\"flex-basis:300px\"><div id=\"wpgmza_map\" class=\"wpgmza_map\" data-settings='{\"id\":\"1\",\"map_title\":\"New Map\",\"map_width\":\"100\",\"map_height\":\"400\",\"map_start_lat\":\"45.70115881661408\",\"map_start_lng\":\"13.78090368881159\",\"map_start_location\":\"45.950464398418106,-109.81550500000003\",\"map_start_zoom\":\"12\",\"default_marker\":\"\",\"type\":\"0\",\"alignment\":\"4\",\"directions_enabled\":\"0\",\"styling_enabled\":\"0\",\"styling_json\":\"\",\"active\":\"0\",\"kml\":\"\",\"bicycle\":\"0\",\"traffic\":\"0\",\"dbox\":\"0\",\"dbox_width\":\"\",\"listmarkers\":\"0\",\"listmarkers_advanced\":\"0\",\"filterbycat\":\"0\",\"ugm_enabled\":\"0\",\"ugm_category_enabled\":\"0\",\"fusion\":\"\",\"map_width_type\":\"%\",\"map_height_type\":\"px\",\"mass_marker_support\":\"0\",\"ugm_access\":\"0\",\"order_markers_by\":\"0\",\"order_markers_choice\":\"0\",\"show_user_location\":\"0\",\"default_to\":\"\",\"other_settings\":{\"map_type\":1,\"sl_stroke_color\":\"\",\"sl_fill_color\":\"\",\"sl_stroke_opacity\":\"\",\"sl_fill_opacity\":\"\",\"transport_layer\":false,\"action\":\"wpgmza_save_map\",\"redirect_to\":\"\\\/2021\\\/wp-admin\\\/admin-post.php\",\"map_id\":\"1\",\"http_referer\":\"\\\/2021\\\/wp-admin\\\/admin.php?page=wp-google-maps-menu&amp;amp;action=edit&amp;amp;map_id=1\",\"wpgmza_id\":\"1\",\"wpgmza_start_location\":\"45.70115881661408,13.78090368881159\",\"wpgmza_start_zoom\":\"12\",\"store_locator_enabled\":false,\"store_locator_search_area\":\"radial\",\"wpgmza_store_locator_radius_style\":\"legacy\",\"wpgmza_store_locator_default_radius\":\"10\",\"store_locator_auto_area_max_zoom\":\"\",\"store_locator_distance\":false,\"wpgmza_store_locator_position\":false,\"store_locator_show_distance\":false,\"store_locator_category\":false,\"wpgmza_store_locator_use_their_location\":false,\"wpgmza_store_locator_bounce\":false,\"wpgmza_sl_animation\":null,\"wpgmza_store_locator_hide_before_search\":false,\"store_locator_query_string\":\"\",\"store_locator_default_address\":\"\",\"store_locator_name_search\":false,\"store_locator_name_string\":\"\",\"store_locator_not_found_message\":\"\",\"wpgmza_map_align\":\"1\",\"jump_to_nearest_marker_on_initialization\":false,\"automatically_pan_to_users_location\":false,\"override_users_location_zoom_level\":false,\"override_users_location_zoom_levels\":\"\",\"show_distance_from_location\":false,\"map_max_zoom\":\"21\",\"map_min_zoom\":\"0\",\"click_open_link\":false,\"fit_maps_bounds_to_markers\":false,\"fit_maps_bounds_to_markers_after_filtering\":false,\"hide_point_of_interest\":false,\"wpgmza_zoom_on_marker_click\":false,\"wpgmza_zoom_on_marker_click_slider\":\"\",\"close_infowindow_on_map_click\":false,\"disable_lightbox_images\":false,\"use_Raw_Jpeg_Coordinates\":false,\"disable_polygon_info_windows\":false,\"enable_marker_ratings\":false,\"only_load_markers_within_viewport\":false,\"iw_primary_color\":\"#000000\",\"iw_accent_color\":\"#000000\",\"iw_text_color\":\"#000000\",\"wpgmza_listmarkers_by\":\"0\",\"wpgmza_marker_listing_position\":false,\"zoom_level_on_marker_listing_override\":false,\"zoom_level_on_marker_listing_click\":\"\",\"datatable_no_result_message\":\"\",\"remove_search_box_datables\":false,\"dataTable_pagination_style\":null,\"datatable_search_string\":\"\",\"datatable_result_start\":\"\",\"datatable_result_of\":\"\",\"datatable_result_to\":\"\",\"datatable_result_total\":\"\",\"datatable_result_show\":\"\",\"datatable_result_entries\":\"\",\"wpgmza_savemap\":\"Save Map \\u00bb\"}}' data-map-id='1' Data-maps-engine='open-layers' data-shortcode-attributes='{\"id\":\"1\"}' style=\"display:block; overflow:auto; width:100%; height:400px; float:left;\"><\/div><\/div>\n<\/div>\n\n\n\n<div class=\"wp-block-columns has-very-light-gray-to-cyan-bluish-gray-gradient-background has-background\">\n<div class=\"wp-block-column is-vertically-aligned-center\">\n<p class=\"has-medium-font-size\"><strong>CAMPO SPORTIVO<\/strong><\/p>\n\n\n\n<p>Campo sportivo comunale Dario \u0160kabar &#8211; Repen, 187 \u2013 34016 Monrupino (Trieste)<\/p>\n<\/div>\n\n\n\n<div class=\"wp-block-column is-vertically-aligned-center\">\n<figure class=\"wp-block-gallery has-nested-images columns-default is-cropped\">\n<figure class=\"wp-block-image size-medium\"><img loading=\"lazy\" width=\"300\" height=\"179\" src=\"https:\/\/nkkras.it\/2021\/wp-content\/uploads\/2024\/08\/screenshot-2024-05-28-alle-09.49.24-300x179.png\" alt=\"Campo sportivo NK Kras Repen\" class=\"wp-image-35356\" srcset=\"https:\/\/nkkras.it\/2021\/wp-content\/uploads\/2024\/08\/screenshot-2024-05-28-alle-09.49.24-300x179.png 300w, https:\/\/nkkras.it\/2021\/wp-content\/uploads\/2024\/08\/screenshot-2024-05-28-alle-09.49.24-768x459.png 768w, https:\/\/nkkras.it\/2021\/wp-content\/uploads\/2024\/08\/screenshot-2024-05-28-alle-09.49.24-310x185.png 310w, https:\/\/nkkras.it\/2021\/wp-content\/uploads\/2024\/08\/screenshot-2024-05-28-alle-09.49.24-60x36.png 60w, https:\/\/nkkras.it\/2021\/wp-content\/uploads\/2024\/08\/screenshot-2024-05-28-alle-09.49.24.png 1023w\" sizes=\"(max-width: 300px) 100vw, 300px\" \/><\/figure>\n<\/figure>\n<\/div>\n\n\n\n<div class=\"wp-block-column is-vertically-aligned-center\" style=\"flex-basis:300px\"><div id=\"wpgmza_map\" class=\"wpgmza_map\" data-settings='{\"id\":\"1\",\"map_title\":\"New Map\",\"map_width\":\"100\",\"map_height\":\"400\",\"map_start_lat\":\"45.70115881661408\",\"map_start_lng\":\"13.78090368881159\",\"map_start_location\":\"45.950464398418106,-109.81550500000003\",\"map_start_zoom\":\"12\",\"default_marker\":\"\",\"type\":\"0\",\"alignment\":\"4\",\"directions_enabled\":\"0\",\"styling_enabled\":\"0\",\"styling_json\":\"\",\"active\":\"0\",\"kml\":\"\",\"bicycle\":\"0\",\"traffic\":\"0\",\"dbox\":\"0\",\"dbox_width\":\"\",\"listmarkers\":\"0\",\"listmarkers_advanced\":\"0\",\"filterbycat\":\"0\",\"ugm_enabled\":\"0\",\"ugm_category_enabled\":\"0\",\"fusion\":\"\",\"map_width_type\":\"%\",\"map_height_type\":\"px\",\"mass_marker_support\":\"0\",\"ugm_access\":\"0\",\"order_markers_by\":\"0\",\"order_markers_choice\":\"0\",\"show_user_location\":\"0\",\"default_to\":\"\",\"other_settings\":{\"map_type\":1,\"sl_stroke_color\":\"\",\"sl_fill_color\":\"\",\"sl_stroke_opacity\":\"\",\"sl_fill_opacity\":\"\",\"transport_layer\":false,\"action\":\"wpgmza_save_map\",\"redirect_to\":\"\\\/2021\\\/wp-admin\\\/admin-post.php\",\"map_id\":\"1\",\"http_referer\":\"\\\/2021\\\/wp-admin\\\/admin.php?page=wp-google-maps-menu&amp;amp;action=edit&amp;amp;map_id=1\",\"wpgmza_id\":\"1\",\"wpgmza_start_location\":\"45.70115881661408,13.78090368881159\",\"wpgmza_start_zoom\":\"12\",\"store_locator_enabled\":false,\"store_locator_search_area\":\"radial\",\"wpgmza_store_locator_radius_style\":\"legacy\",\"wpgmza_store_locator_default_radius\":\"10\",\"store_locator_auto_area_max_zoom\":\"\",\"store_locator_distance\":false,\"wpgmza_store_locator_position\":false,\"store_locator_show_distance\":false,\"store_locator_category\":false,\"wpgmza_store_locator_use_their_location\":false,\"wpgmza_store_locator_bounce\":false,\"wpgmza_sl_animation\":null,\"wpgmza_store_locator_hide_before_search\":false,\"store_locator_query_string\":\"\",\"store_locator_default_address\":\"\",\"store_locator_name_search\":false,\"store_locator_name_string\":\"\",\"store_locator_not_found_message\":\"\",\"wpgmza_map_align\":\"1\",\"jump_to_nearest_marker_on_initialization\":false,\"automatically_pan_to_users_location\":false,\"override_users_location_zoom_level\":false,\"override_users_location_zoom_levels\":\"\",\"show_distance_from_location\":false,\"map_max_zoom\":\"21\",\"map_min_zoom\":\"0\",\"click_open_link\":false,\"fit_maps_bounds_to_markers\":false,\"fit_maps_bounds_to_markers_after_filtering\":false,\"hide_point_of_interest\":false,\"wpgmza_zoom_on_marker_click\":false,\"wpgmza_zoom_on_marker_click_slider\":\"\",\"close_infowindow_on_map_click\":false,\"disable_lightbox_images\":false,\"use_Raw_Jpeg_Coordinates\":false,\"disable_polygon_info_windows\":false,\"enable_marker_ratings\":false,\"only_load_markers_within_viewport\":false,\"iw_primary_color\":\"#000000\",\"iw_accent_color\":\"#000000\",\"iw_text_color\":\"#000000\",\"wpgmza_listmarkers_by\":\"0\",\"wpgmza_marker_listing_position\":false,\"zoom_level_on_marker_listing_override\":false,\"zoom_level_on_marker_listing_click\":\"\",\"datatable_no_result_message\":\"\",\"remove_search_box_datables\":false,\"dataTable_pagination_style\":null,\"datatable_search_string\":\"\",\"datatable_result_start\":\"\",\"datatable_result_of\":\"\",\"datatable_result_to\":\"\",\"datatable_result_total\":\"\",\"datatable_result_show\":\"\",\"datatable_result_entries\":\"\",\"wpgmza_savemap\":\"Save Map \\u00bb\"}}' data-map-id='1' Data-maps-engine='open-layers' data-shortcode-attributes='{\"id\":\"1\"}' style=\"display:block; overflow:auto; width:100%; height:400px; float:left;\"><\/div><\/div>\n<\/div>\n<\/div><\/div>\n","protected":false},"excerpt":{"rendered":"","protected":false},"author":8,"featured_media":0,"parent":0,"menu_order":0,"comment_status":"closed","ping_status":"closed","template":"","meta":{"_monsterinsights_skip_tracking":false,"_monsterinsights_sitenote_active":false,"_monsterinsights_sitenote_note":"","_monsterinsights_sitenote_category":0},"_links":{"self":[{"href":"https:\/\/nkkras.it\/2021\/index.php\/wp-json\/wp\/v2\/pages\/4985"}],"collection":[{"href":"https:\/\/nkkras.it\/2021\/index.php\/wp-json\/wp\/v2\/pages"}],"about":[{"href":"https:\/\/nkkras.it\/2021\/index.php\/wp-json\/wp\/v2\/types\/page"}],"author":[{"embeddable":true,"href":"https:\/\/nkkras.it\/2021\/index.php\/wp-json\/wp\/v2\/users\/8"}],"replies":[{"embeddable":true,"href":"https:\/\/nkkras.it\/2021\/index.php\/wp-json\/wp\/v2\/comments?post=4985"}],"version-history":[{"count":10,"href":"https:\/\/nkkras.it\/2021\/index.php\/wp-json\/wp\/v2\/pages\/4985\/revisions"}],"predecessor-version":[{"id":70419,"href":"https:\/\/nkkras.it\/2021\/index.php\/wp-json\/wp\/v2\/pages\/4985\/revisions\/70419"}],"wp:attachment":[{"href":"https:\/\/nkkras.it\/2021\/index.php\/wp-json\/wp\/v2\/media?parent=4985"}],"curies":[{"name":"wp","href":"https:\/\/api.w.org\/{rel}","templated":true}]}}