{"id":70171,"date":"2024-08-23T10:29:03","date_gmt":"2024-08-23T10:29:03","guid":{"rendered":"https:\/\/nkkras.it\/2021\/?page_id=70171"},"modified":"2024-08-30T11:14:40","modified_gmt":"2024-08-30T11:14:40","slug":"storia-2","status":"publish","type":"page","link":"https:\/\/nkkras.it\/2021\/index.php\/storia-2\/?lang=sl","title":{"rendered":"Zgodovina dru\u0161tva"},"content":{"rendered":"\n<h2 class=\"has-text-align-center\" id=\"block-91245071-a38a-4f91-a895-cf94e418f6d8\"><\/h2>\n\n\n\n<p>Ustanovitev prvotnega nogometnega kluba Kras formalno pripisujemo letu 1986 v Repnu, vas iz ob\u010dine Repentabor, ena izmed najmanj\u0161ih ob\u010din v Republiki Italiji v kateri prebiva ve\u010dina slovensko govore\u010dih prebivalcev.&nbsp;<\/p>\n\n\n\n<p class=\"has-medium-font-size\"><strong>Za\u010detki<\/strong><\/p>\n\n\n\n<p>Klub nastane iz dru\u0161tva Olimpija ustanovljeno v Gabrovici v bli\u017enji Zgoni\u0161ki ob\u010dini. Leta 1974 sekcija preide pod okrilje \u0160portnega Dru\u0161tva Kras iz Zgonika, ki je takrat imelo svoj odsek namiznega tenisa in odbojke. Repen je bil takrat izbran zaradi prisotnosti takrat \u0161e pe\u0161\u010denega nogometnega igri\u0161\u010da, kjer je Kras igral svoje doma\u010de tekme za\u010den\u0161i iz tretje kategorije (najni\u017eja liga nogometa v Italiji).<\/p>\n\n\n\n<p class=\"has-medium-font-size\"><strong>1986 &#8211; 2009<\/strong><\/p>\n\n\n\n<p>Nogometni oddelek se od mati\u010dnega dru\u0161tva odcepi leta 1986, zato \u0161tejemo formalni obstoj kluba dalje od tega, ko je za\u010del samostojno delovati kot nogometna amaterska ekpia pod vodstvom predsednika Andreja Raceta. Za prve \u0161portne podvige moramo \u010dakati \u0161ele sezono 2004-2005, ko je takratni predsednik Domenico Centrone vgnal konkurenco in s polnim izkupi\u010dkom pik privedel Kras v prvo amatersko ligo. Prav ta rezultat bo dru\u0161tvu prinesel zgodovinsko petletje nogometnih uspehov zapisano z zlatimi \u010drkami v zgodovino kluba. Po prihodu v vi\u0161jo prvo amatersko ligo se Krasu uspe takoj uvrstiti v \u0161e vi\u0161jo promocijsko ligo in dvo letna zaporedna visoka uvrstitev na lestvici slednje. V sezoni 2007-2008 je za trenersko vodstvo poklican biv\u0161i sovietski in bieloruski nogometni as in raprezentant Sergei Aleinikov. Stik med dru\u0161tvom in trenerjem je bil takrat izpostavljen potom glavnega pokrovitelja kluba podjetje Koimpex. Prihod Aleinikova je kra\u0161ki ekipi dal mo\u010dan zagon, saj po prezhipni sezoni 2008-2009 se je Krasu kon\u010dno uspelo uvrstiti v najvi\u0161jo regijsko prvenstvo: v elitno ligo.<\/p>\n\n\n\n<p class=\"has-medium-font-size\"><strong>Med elitno ligo in serie D<\/strong><\/p>\n\n\n\n<p>Naslednja sezona je prav tako uspe\u0161na, saj se Kras uvrsti na povsem nepri\u010dakovano drugo mesto na lestvici, ki je takrat pomenila uvrstitev v naslednjo fazo play-offa na dr\u017eavni ravni za napredovanje v Serie D &#8211; D ligo. Faza se je takrat igrala v dveh tekmah; Kras se je prvo uspe\u0161no pomeril z lombardsko ekipo iz Verbana in se tako uvrstil v zaklju\u010dno fazo. Ta se je zgodila proti Jesini iz de\u017eele Marche: v prvi tekmi Kras visoko zmaga z gladkim 3-0 na doma\u010dem igri\u0161\u010du. Povratna tekma pa z izgubo 3-2, rezultat, ki \u0161teje bolj malo, saj si tako Kras zagotovi zgodovinski podvig v Serie D.<\/p>\n\n\n\n<p>V novi sezoni v Serie D Kras obetavno pri\u010dne sezono z dvema zaporednima zmagama proti dvema nogometnima veteranoma iz Veneta: Este in Venezia (ekipa, ki je nato dosegla najvi\u0161jo Serie A), kar uvrsti Kras na sanjsko prvo mesto. Utopi\u010dne sanje o ponovnem podvigu se bodo razblinile v nadaljevanju sezone, saj bo Kras ob koncu zasedel 17. mesto in avtomati\u010dni izpad v \u017ee poznano elitno ligo.<\/p>\n\n\n\n<p>Povratek v vi\u0161jo Serie D je bila takoj ponovno izpostavljen saj je Kras z novo sezono povsem ugnal konkurenco z absolutnim prvim mestom. V sezoni 2012-2013 ekipi \u0161e vedno ni uspelo prenesti skoka v vi\u0161jo kategorijo: belorde\u010di so kon\u010dali predzadnji in ponovno izpadli v elitno ligo. Klub pa se ni predal. Predsednik Goran Kocman je postavil ekipo, ki jo je sam imenoval za najmo\u010dnej\u0161o, kar jih je Kras kdaj imel. Izgleda da je zgodovina le dala prav Kocmanovim besedam: ekipa je dosegla drugo mesto in si izborila napredovanje v \u017ee poznan scenarij play-offa. V dvojnem polfinalu so fantje pod vodstvom Predraga Ar\u010dabe premagali Libarna Calcio (iz de\u017eele Piemont). V finalu se je Kras soo\u010dil z ekipo iz Ligurije Magra Azzurri. V Sarzani je Kras Repen zmagal z 2-0. 15. junija 2014, na komaj prenovljenem ob\u010dinskem stadionu v Repnu, pred skoraj 1000 gledalci, so belorde\u010di igrali neodlo\u010deno 2-2: kra\u0161ki rde\u010de beli so osvojili \u0161e tretjo napredovanje.<\/p>\n\n\n\n<p>Tretja sezona v Serie D ostaja \u0161e vedno brez veselega konca v kra\u0161kem taboru. V za\u010detni fazi sezone je bila ekipa zaupana trenerju Predragu Ar\u010dabi, ki je pa bil \u017ee ob koncu leta odslovljen; zamenjal ga je slovenski biv\u0161i raprezentant Anton \u017dlogar. V tej sezoni se Kras soo\u010di z dvema zgodovinskima derbijema proti Triestini. Mnogi se spominjajo teh dveh posebnih tekem oz. derbijev, kjer sta se pomerila dve sosednji ob\u010dini: Trst, glavno mesto regije, s klubom, ki je v zlatih \u010dasih igral tudi v seriji A, in mala kra\u0161ka realnost osemsto glave skupnosti, ki je verjela v podvig, a na obeh tekmah ni \u0161lo dlje od neodlo\u010denega izida. Kljub dobremu povratnemu delu sezone so belorde\u010di ob koncu prvenstva name\u0161\u010deni zadnjem delu lestvice, ki je pomenila igrannje play-outa. Za obstanek se je Kras pomeril v gosteh ekipe iz Castelfranca Veneta Giorgione. Po koncu izredno napete tekme se je tekma zaklju\u010dila s porazom po devedesetih minutah z izidom 2-1; vsi trije goli so padli s tremi enajsmetrovkami.<\/p>\n\n\n\n<p class=\"has-medium-font-size\"><strong>Sodobna zgodovina kluba<\/strong><\/p>\n\n\n\n<p>\u017dlogar odstopi; na njegovo mesto je tako izbran takrat \u0161portni direktor Radenko Kne\u017eevi\u010d, zgodovinski igralec kluba in najuspe\u0161nej\u0161i strelski rekorder Krasa Repen (30 golov v eni sezoni), ki vodi ekipo do mirnega zaklju\u010dka prvenstva na \u0161estem mestu elitne lige.<\/p>\n\n\n\n<p>V sezoni 2016-2017 je bil sprva za vodenje ekipe imenovan trener Gianni Tortolo. Po nekaj neuspe\u0161nih tekem je vajeti spet prevzel Radenko Kne\u017eevi\u010d. Ekipa je zaklju\u010dila prvenstvo na \u0161estem mestu z goli \u017dige Smrtnika, ki se je ob koncu prvenstva uveljavil za najbolj\u0161ega strelca prvenstva.<\/p>\n\n\n\n<p>V sezoni 2017-2018 je bila ekipa ponovno zaupana Radenku Kne\u017eevi\u010du. Ekipa je za\u010dela prvenstvo dobro in po \u0161estih krogih je bila na samem vrhu. Nato pa je v desetih tekmah padlo kar 8 porazov: v prvi polovici sezone je Kras osvojil le 14 pik. V nadaljevanju se stvari niso izbolj\u0161ale. Belorde\u010di so zaklju\u010dili redni del sezone na spodnjem delu lestvice, ki je s porazom na zadnji tekmi pomenila play-out. 13. maja 2018 v Corno di Rosazzu je ekipa igrala proti doma\u010di ekipi Virtus Corno. Tekma je bila izredno napeta, iz kra\u0161kega obmo\u010dja se je v Corno pripeljalo ve\u010d kot 400 navija\u010dev. V drugem pol\u010dasu tekme je Milan Gruji\u0107 vodil svoje do obstanka med elitniki a je Grion odgovoril za 1-1. V podalj\u0161kih je za veselje \u201cna\u0161ih\u201d poskrbel gol Damirja Had\u017ei\u0107a in avtogol, ki je Krasu le omogo\u010dil obstanek v elitni ligi.<\/p>\n\n\n\n<div class=\"wp-block-image\"><figure class=\"aligncenter size-large\"><img loading=\"lazy\" width=\"1024\" height=\"691\" src=\"https:\/\/nkkras.it\/2021\/wp-content\/uploads\/2024\/08\/copertina_2-1024x691.jpg\" alt=\"\" class=\"wp-image-35652\" srcset=\"https:\/\/nkkras.it\/2021\/wp-content\/uploads\/2024\/08\/copertina_2-1024x691.jpg 1024w, https:\/\/nkkras.it\/2021\/wp-content\/uploads\/2024\/08\/copertina_2-300x202.jpg 300w, https:\/\/nkkras.it\/2021\/wp-content\/uploads\/2024\/08\/copertina_2-768x518.jpg 768w, https:\/\/nkkras.it\/2021\/wp-content\/uploads\/2024\/08\/copertina_2-1536x1037.jpg 1536w, https:\/\/nkkras.it\/2021\/wp-content\/uploads\/2024\/08\/copertina_2-310x209.jpg 310w, https:\/\/nkkras.it\/2021\/wp-content\/uploads\/2024\/08\/copertina_2-60x40.jpg 60w, https:\/\/nkkras.it\/2021\/wp-content\/uploads\/2024\/08\/copertina_2.jpg 2048w\" sizes=\"(max-width: 1024px) 100vw, 1024px\" \/><figcaption>Finalna tekma play off-a Kras Repen &#8211; Lavarian Mortean, maj 2024<\/figcaption><\/figure><\/div>\n\n\n\n<div style=\"height:74px\" aria-hidden=\"true\" class=\"wp-block-spacer\"><\/div>\n\n\n\n<h2 class=\"has-text-align-center\">Predsedniki<\/h2>\n\n\n\n<figure class=\"wp-block-table aligncenter allinea-sinistra is-style-stripes\"><table class=\"has-fixed-layout\"><tbody><tr><td class=\"has-text-align-center\" data-align=\"center\">1986<\/td><td class=\"has-text-align-center\" data-align=\"center\">Andrej Race<\/td><\/tr><tr><td class=\"has-text-align-center\" data-align=\"center\">&#8211;<\/td><td class=\"has-text-align-center\" data-align=\"center\">Egidio Koro\u0161ec<\/td><\/tr><tr><td class=\"has-text-align-center\" data-align=\"center\">1992<\/td><td class=\"has-text-align-center\" data-align=\"center\">Vinko Grgi\u010d Gregoretti<\/td><\/tr><tr><td class=\"has-text-align-center\" data-align=\"center\">1994<\/td><td class=\"has-text-align-center\" data-align=\"center\">Domenico Centrone<\/td><\/tr><tr><td class=\"has-text-align-center\" data-align=\"center\">2010 &#8211; <\/td><td class=\"has-text-align-center\" data-align=\"center\">Goran Kocman<\/td><\/tr><\/tbody><\/table><\/figure>\n\n\n\n<div style=\"height:83px\" aria-hidden=\"true\" class=\"wp-block-spacer\"><\/div>\n\n\n\n<h2 class=\"has-text-align-center\">Prvenstva in pokali<\/h2>\n\n\n\n<figure class=\"wp-block-table aligncenter allinea-sinistra is-style-stripes\"><table class=\"has-fixed-layout\"><tbody><tr><td><strong><strong>SEZONA<\/strong><\/strong><\/td><td><strong><strong>PRVENSTVO<\/strong><\/strong><\/td><td><strong><strong>UVRSTITEV<\/strong><\/strong><\/td><td><strong>OPOMBE<\/strong><\/td><td><strong>ITALIJANSKI POKAL<\/strong><\/td><\/tr><tr><td>2000-2001<\/td><td>3. amaterska liga<\/td><td>1.<\/td><td>Napredovanje<\/td><td>Osmine finala<\/td><\/tr><tr><td>2001-2002<\/td><td>2. amaterska liga, skupina D<\/td><td>6.<\/td><td><\/td><td>&#8211;<\/td><\/tr><tr><td>2002-2003<\/td><td>2. amaterska liga, skupina D<\/td><td>15.<\/td><td><\/td><td>\u010cetrtfinale<\/td><\/tr><tr><td>2003-2004<\/td><td>2. amaterska liga, skupina D<\/td><td>9.<\/td><td><\/td><td>1. krog<\/td><\/tr><tr><td>2004-2005<\/td><td>2. amaterska liga, skupina D<\/td><td>1.<\/td><td>Napredovanje<\/td><td>\u010cetrtfinale<\/td><\/tr><tr><td>2005-2006<\/td><td>1. amaterska liga<\/td><td>1.<\/td><td>Napredovanje<\/td><td>2. krog<\/td><\/tr><tr><td>2006-2007<\/td><td>Promocijska liga<\/td><td>5. <\/td><td><\/td><td>1. krog<\/td><\/tr><tr><td>2007-2008<\/td><td>Promocijska liga<\/td><td>5.  <\/td><td><\/td><td>1. krog<\/td><\/tr><tr><td>2008-2009<\/td><td>Promocijska liga<\/td><td>1.<\/td><td>Napredovanje<\/td><td>1. krog<\/td><\/tr><tr><td>2009-2010<\/td><td>Elitna liga<\/td><td>2.<\/td><td>Play-off in napredovanje<\/td><td>1. krog<\/td><\/tr><tr><td>2010-2011<\/td><td>D-liga<\/td><td>17.<\/td><td>Izpad<\/td><td>2. krog<\/td><\/tr><tr><td>2011-2012<\/td><td>Elitna liga<\/td><td>1.<\/td><td>Napredovanje<\/td><td>Polfinale<\/td><\/tr><tr><td>2012-2013<\/td><td>D-liga<\/td><td>19.<\/td><td>Izpad<\/td><td>1. krog<\/td><\/tr><tr><td>2013-2014<\/td><td>Elitna liga<\/td><td>2.<\/td><td>Play-off in napredovanje<\/td><td><strong>Finale (2. mesto)<\/strong><\/td><\/tr><tr><td>2014-2015<\/td><td>D-liga<\/td><td><\/td><td>Izpad<\/td><td>Predizbor<\/td><\/tr><tr><td>2015-2016<\/td><td>Elitna liga <\/td><td>6.<\/td><td><\/td><td>\u010cetrtfinale<\/td><\/tr><tr><td>2016-2017<\/td><td>Elitna liga<\/td><td>6.<\/td><td><\/td><td>\u010cetrtfinale<\/td><\/tr><tr><td>2017-2018<\/td><td>Elitna liga  <\/td><td>14.&nbsp;<\/td><td>Play out in obstanek<\/td><td>1. krog<\/td><\/tr><tr><td>2018-2019<\/td><td>Elitna liga  <\/td><td>13.<\/td><td>Izpad po play out-u<\/td><td>1. krog<\/td><\/tr><tr><td>2019-2020<\/td><td>Promocijska liga<\/td><td>(3.) suspenzija prvenstva zaradi pandemije<\/td><td><\/td><td>Prekinjen<\/td><\/tr><tr><td>2020-2021<\/td><td>Promocijska liga<\/td><td>(5.) suspenzija prvenstva zaradi pandemije<\/td><td>Napredovanje<\/td><td>Prekinjen<\/td><\/tr><tr><td>2021-2022<\/td><td>Elitna liga<\/td><td>7.<\/td><td><\/td><td>1. krog<\/td><\/tr><tr><td>2022-2023<\/td><td>Elitna liga<\/td><td>20.<\/td><td>Izpad<\/td><td>1. krog<\/td><\/tr><tr><td>2023-2024<\/td><td>Promocijska liga<\/td><td>2.<\/td><td>Play-off in napredovanje<\/td><td>Polfinale<\/td><\/tr><tr><td>2024-2025<\/td><td>Elitna liga<\/td><td><em>sezona v teku<\/em><\/td><td><\/td><td><\/td><\/tr><\/tbody><\/table><\/figure>\n","protected":false},"excerpt":{"rendered":"<p>Ustanovitev prvotnega nogometnega kluba Kras formalno pripisujemo letu 1986 v Repnu, vas iz ob\u010dine Repentabor, ena izmed najmanj\u0161ih ob\u010din v Republiki Italiji v kateri prebiva ve\u010dina slovensko govore\u010dih prebivalcev.&nbsp; Za\u010detki Klub nastane iz dru\u0161tva Olimpija ustanovljeno v Gabrovici v bli\u017enji Zgoni\u0161ki ob\u010dini. Leta 1974 sekcija preide pod okrilje \u0160portnega Dru\u0161tva Kras iz Zgonika, ki je&#8230; <\/p>\n<div class=\"clear\"><\/div>\n<p><a href=\"https:\/\/nkkras.it\/2021\/index.php\/storia-2\/?lang=sl\" class=\"excerpt-read-more\">Read More<\/a><\/p>\n","protected":false},"author":8,"featured_media":0,"parent":0,"menu_order":0,"comment_status":"closed","ping_status":"closed","template":"","meta":{"_monsterinsights_skip_tracking":false,"_monsterinsights_sitenote_active":false,"_monsterinsights_sitenote_note":"","_monsterinsights_sitenote_category":0},"_links":{"self":[{"href":"https:\/\/nkkras.it\/2021\/index.php\/wp-json\/wp\/v2\/pages\/70171"}],"collection":[{"href":"https:\/\/nkkras.it\/2021\/index.php\/wp-json\/wp\/v2\/pages"}],"about":[{"href":"https:\/\/nkkras.it\/2021\/index.php\/wp-json\/wp\/v2\/types\/page"}],"author":[{"embeddable":true,"href":"https:\/\/nkkras.it\/2021\/index.php\/wp-json\/wp\/v2\/users\/8"}],"replies":[{"embeddable":true,"href":"https:\/\/nkkras.it\/2021\/index.php\/wp-json\/wp\/v2\/comments?post=70171"}],"version-history":[{"count":10,"href":"https:\/\/nkkras.it\/2021\/index.php\/wp-json\/wp\/v2\/pages\/70171\/revisions"}],"predecessor-version":[{"id":70257,"href":"https:\/\/nkkras.it\/2021\/index.php\/wp-json\/wp\/v2\/pages\/70171\/revisions\/70257"}],"wp:attachment":[{"href":"https:\/\/nkkras.it\/2021\/index.php\/wp-json\/wp\/v2\/media?parent=70171"}],"curies":[{"name":"wp","href":"https:\/\/api.w.org\/{rel}","templated":true}]}}