{"id":70211,"date":"2024-08-23T10:29:03","date_gmt":"2024-08-23T10:29:03","guid":{"rendered":"https:\/\/nkkras.it\/2021\/index.php\/storia-2\/"},"modified":"2024-08-30T11:44:48","modified_gmt":"2024-08-30T11:44:48","slug":"storia","status":"publish","type":"page","link":"https:\/\/nkkras.it\/2021\/index.php\/storia\/","title":{"rendered":"Storia del club"},"content":{"rendered":"\n<div class=\"wp-container-1 wp-block-group\"><div class=\"wp-block-group__inner-container\">\n<p>Il Kras Football Club \u00e8 stato formalmente costituito a Repen, frazione del comune di Monrupino &#8211; Repentabor, nel 1986, uno dei pi\u00f9 piccoli comuni d\u2019Italia con una popolazione poco pi\u00f9 di 800 persone prevalentemente appartenenti alla minoranza di lingua slovena.&nbsp;<\/p>\n\n\n\n<p class=\"has-medium-font-size\"><strong>Gli inizi<\/strong><\/p>\n\n\n\n<p>Il sodalizio nasce dalle ceneri della sezione calcio dell&#8217;Olimpija, societ\u00e0 fondata nella frazione di Gabrovizza nel comune limitrofo di Sgonico. Nel 1974 la sezione pass\u00f2 alla Societ\u00e0 Sportiva Kras di Sgonico che si componeva anche delle sezioni pallavolo e ping-pong. Sul campo a Repen si giocano le partite casalinghe del CS Kras, squadra che cominci\u00f2 dalla Terza Categoria.<\/p>\n\n\n\n<p class=\"has-medium-font-size\"><strong>1986 &#8211; 2009<\/strong><\/p>\n\n\n\n<p>La sezione calcio si distacca dalla societ\u00e0 sportiva precedente diventando cos\u00ec indipendente: sotto la presidenza di Andrej Race nasce il NK ASD Kras. La squadra biancorossa milita tra Terza e Seconda Categoria fino alla stagione 2004-2005 quando la societ\u00e0 allora presieduta da Domenico Centrone conquista a punteggio pieno la promozione in Prima Categoria. Questo risultato storico d\u00e0 inizio ad un quinquennio straordinario. Gi\u00e0 nella stagione successiva il Kras fa un altro salto di categoria accedendo alla Promozione. Dopo due anni finiti alle soglie dei play-off nella stagione 2007-2008 il club \u00e8 stato allenato dall&#8217;ex giocatore della nazionale dell&#8217;Unione Sovietica poi Bielorussia Sergei Aleinikov. Il contatto tra l\u2019asso Sovietico e la societ\u00e0 \u00e8 stato stabilito perch\u00e9 lo sponsor principale del club, Koimpex, collabor\u00f2 con aziende in Bielorussia, lavoro che ha poi portato il celebre sportivo a portare qualit\u00e0 e personalit\u00e0 a tutto l&#8217;ambiente carsolino. Nella stagione 2008-2009 il Kras ha cos\u00ec dominato il campionato, ottenendo la sua prima storica promozione nella massima serie regionale calcistica dilettantistica: l\u2019Eccellenza.<\/p>\n\n\n\n<p class=\"has-medium-font-size\"><strong>Tra Eccellenza e Serie D<\/strong><\/p>\n\n\n\n<p>La stagione successiva, le furie rosse del Carso ottengono un clamoroso secondo posto in classifica conquistando cos\u00ec il diritto a partecipare ai play-off nazionali per l&#8217;accesso alla Serie D. I play-off sono un crescendo di emozioni: in semifinale il Kras ha avuto la meglio sui lombardi del Verbano. Nella doppia finale, invece, la squadra di Repen batte all\u2019andata 3-0 la squadra marchigiana del Jesina perdendo poi 3-2 in trasferta al ritorno: sconfitta di poco conto in quanto il Kras approda per la prima volta nella sua storia in Serie D.<\/p>\n\n\n\n<p>Nella stagione successiva il Kras comincia con due vittorie consecutive contro le due grandi venete del calcio: l&#8217;Este e il Venezia (squadra che ha poi raggiunto la serie A) che vedono il Kras primo in classifica in serie D. Sogno utopico Lega PRO che svanisce nel proseguimento della stagione in quanto con il 17\u00b0 posto il Kras retrocede nuovamente in Eccellenza.<\/p>\n\n\n\n<p>La serie D viene per\u00f2 subito riconquistata con nella stagione successiva dominando il campionato di Eccellenza. Nella stagione 2012-2013 la squadra non riesce ancora a reggere l&#8217;urto del salto di categoria: i biancorossi finiscono penultimi e retrocedono in Eccellenza. Il sodalizio per\u00f2 non si arrende. Il presidente Kocman mette in piedi quella che lui stesso chiamer\u00e0 la squadra pi\u00f9 forte che il Kras abbia mai avuto. La storia gli dar\u00e0 poi ragione: la squadra arriva seconda, conquistando il diritto ai play-off nazionali. Nella doppia semifinale i ragazzi allenati da Predrag Ar\u010daba eliminano prima il Libarna Calcio (Piemonte); in finale il Kras affronta la squadra spezzina dei Magra Azzurri. In Liguria a Sarzana, il Kras Repen si impone magistralmente per 2-0. Il 15 giugno 2014, allo stadio comunale di Monrupino, davanti a un pubblico di quasi 1000 spettatori, i biancorossi pareggiano per 2-2 contro i liguri: le furie rosse del Carso conquistano la terza storica promozione in Serie D.<\/p>\n\n\n\n<p>La terza stagione in Serie D \u00e8 ancora priva di gioie. A inizio stagione la squadra \u00e8 stata affidata a Predrag Ar\u010daba poi esonerato a fine 2014 sostituito dallo sloveno ex nazionale Anton \u017dlogar. In questa stagione il Kras affronta due storici derby contro la Triestina Calcio. Molti ricordano queste due partite particolari che vedevano affrontarsi due comuni confinanti: Trieste, capoluogo della regione con una squadra che ai tempi d&#8217;oro milit\u00f2 anche in serie A ed una realt\u00e0 carsolina (Monrupino o Repentabor) di 800 anime a credere nell&#8217;impresa che nelle due partite non and\u00f2 mai oltre al pareggio. Nonostante un buon girone di ritorno, i biancorossi arrivano terzultimi cos\u00ec da essere costretti a giocarsi i play-out salvezza sul campo del Giorgione. A fine dei novanta minuti in una partita molto controversa decisa da tre rigori a Castelfranco Veneto i biancorossi perdono 2-1 sancendo cos\u00ec un\u2019ennesima retrocessione.<\/p>\n\n\n\n<p class=\"has-medium-font-size\"><strong>Storia recente<\/strong><\/p>\n\n\n\n<p>\u017dlogar si dimette e al suo posto viene chiamato il direttore sportivo Radenko Kne\u017eevi\u010d. Lo storico bomber del Kras Repen che detiene tutt\u2019ora il record di gol segnati al Kras in un\u2019unica stagione (ben 30 reti), guida la squadra verso una bel finale di campionato che porta il Kras ad un solido sesto posto.<\/p>\n\n\n\n<p>Nel 2016-2017 a dirigere la squadra \u00e8 stato inizialmente l&#8217;allenatore Gianni Tortolo. Dopo poche partite il timone passa nuovamente alle mani di Radenko Kne\u017eevi\u010d. La squadra chiude il campionato appena sotto la vetta play off trascinata dai gol dello sloveno \u017diga Smrtnik, capocannoniere del torneo.<\/p>\n\n\n\n<p>Nel 2017-2018 la squadra viene nuovamente affidata a Radenko Kne\u017eevi\u010d, questa volta direttamente al via del campionato. La squadra inizia bene il campionato che li vede in testa dopo sei giornate. Poi arrivano otto sconfitte nelle successive dieci: nella prima met\u00e0 di stagione il Kras conquista solo 14 punti. Nella ripresa le cose non vanno meglio. I biancorossi chiudono la stagione regolare al terzultimo posto, strappando il posto play-out all&#8217;ultima giornata. Il 13 maggio a Corno di Rosazzo la squadra affronta la Virtus Corno. La partita \u00e8 in assoluto pi\u00f9 che accesa. Nella ripresa Milan Gruji\u0107 guida i suoi al 1-0 ma Grion pareggia il parziale per i padroni di casa. Nei supplementari ad accendere la festa dei 400 tifosi giunti a sostenere la squadra un gol di Damir Had\u017ei\u0107 e un autogol che permettono al Kras di restare in Eccellenza.<\/p>\n\n\n\n<div style=\"height:27px\" aria-hidden=\"true\" class=\"wp-block-spacer\"><\/div>\n\n\n\n<figure class=\"wp-block-image size-large\"><img loading=\"lazy\" width=\"1024\" height=\"691\" src=\"https:\/\/nkkras.it\/2021\/wp-content\/uploads\/2024\/08\/copertina_2-1024x691.jpg\" alt=\"\" class=\"wp-image-35651\" srcset=\"https:\/\/nkkras.it\/2021\/wp-content\/uploads\/2024\/08\/copertina_2-1024x691.jpg 1024w, https:\/\/nkkras.it\/2021\/wp-content\/uploads\/2024\/08\/copertina_2-300x202.jpg 300w, https:\/\/nkkras.it\/2021\/wp-content\/uploads\/2024\/08\/copertina_2-768x518.jpg 768w, https:\/\/nkkras.it\/2021\/wp-content\/uploads\/2024\/08\/copertina_2-1536x1037.jpg 1536w, https:\/\/nkkras.it\/2021\/wp-content\/uploads\/2024\/08\/copertina_2-310x209.jpg 310w, https:\/\/nkkras.it\/2021\/wp-content\/uploads\/2024\/08\/copertina_2-60x40.jpg 60w, https:\/\/nkkras.it\/2021\/wp-content\/uploads\/2024\/08\/copertina_2.jpg 2048w\" sizes=\"(max-width: 1024px) 100vw, 1024px\" \/><figcaption>Finale Play-off Kras Repen &#8211; Lavarian Mortean, maggio 2024<\/figcaption><\/figure>\n\n\n\n<div style=\"height:27px\" aria-hidden=\"true\" class=\"wp-block-spacer\"><\/div>\n<\/div><\/div>\n\n\n\n<div class=\"wp-container-2 wp-block-group\"><div class=\"wp-block-group__inner-container\">\n<h2 class=\"has-text-align-center\">Campionati e Coppe Italia<\/h2>\n\n\n\n<figure class=\"wp-block-table aligncenter allinea-sinistra is-style-stripes\"><table class=\"has-fixed-layout\"><tbody><tr><td><strong><strong>STAGIONE<\/strong><\/strong><\/td><td><strong><strong>CAMPIONATO<\/strong><\/strong><\/td><td><strong><strong>PIAZZAMENTO FINALE<\/strong><\/strong><\/td><td><strong>NOTE<\/strong><\/td><td><strong>COPPA ITALIA<\/strong><\/td><\/tr><tr><td>2000-2001<\/td><td>Terza Categoria, gruppo &#8211;<\/td><td>1\u00b0<\/td><td>Promozione<\/td><td>Ottavi<\/td><\/tr><tr><td>2001-2002<\/td><td>Seconda Categoria, gruppo D<\/td><td>6\u00b0<\/td><td><\/td><td>&#8211;<\/td><\/tr><tr><td>2002-2003<\/td><td>Seconda Categoria, gruppo D<\/td><td>15\u00b0<\/td><td><\/td><td>Quarti<\/td><\/tr><tr><td>2003-2004<\/td><td>Seconda Categoria, gruppo D<\/td><td>9\u00b0<\/td><td><\/td><td>1\u00b0 turno<\/td><\/tr><tr><td>2004-2005<\/td><td>Seconda Categoria, gruppo D<\/td><td>1\u00b0<\/td><td>Promozione<\/td><td>Quarti<\/td><\/tr><tr><td>2005-2006<\/td><td>Prima Categoria, gruppo C<\/td><td>1\u00b0<\/td><td>Promozione<\/td><td>2\u00b0 turno<\/td><\/tr><tr><td>2006-2007<\/td><td>Promozione, girone B<\/td><td>5\u00b0 <\/td><td><\/td><td>1\u00b0 turno<\/td><\/tr><tr><td>2007-2008<\/td><td>Promozione, girone B<\/td><td>5\u00b0  <\/td><td><\/td><td>1\u00b0 turno<\/td><\/tr><tr><td>2008-2009<\/td><td>Promozione, girone B<\/td><td>1\u00b0<\/td><td>Promozione<\/td><td>1\u00b0 turno<\/td><\/tr><tr><td>2009-2010<\/td><td>Eccellenza<\/td><td>2\u00b0<\/td><td>Play-off e promozione<\/td><td>1\u00b0 turno<\/td><\/tr><tr><td>2010-2011<\/td><td>Serie D<\/td><td>17\u00b0<\/td><td>Retrocessione<\/td><td>2\u00b0 turno<\/td><\/tr><tr><td>2011-2012<\/td><td>Eccellenza<\/td><td>1\u00b0<\/td><td>Promozione<\/td><td>Semifinali<\/td><\/tr><tr><td>2012-2013<\/td><td>Serie D, gruppo C<\/td><td>19\u00b0<\/td><td>Retrocessione<\/td><td>1\u00b0 turno<\/td><\/tr><tr><td>2013-2014<\/td><td>Eccellenza<\/td><td>2\u00b0<\/td><td>Play-off e promozione<\/td><td><strong>Finale (2\u00b0 posto)<\/strong><\/td><\/tr><tr><td>2014-2015<\/td><td>Serie D, gruppo C<\/td><td>16\u00b0<\/td><td>Retrocessione<\/td><td>Turno preliminare<\/td><\/tr><tr><td>2015-2016<\/td><td>Eccellenza<\/td><td>6\u00b0<\/td><td><\/td><td>Quarti<\/td><\/tr><tr><td>2016-2017<\/td><td>Eccellenza<\/td><td>6\u00b0<\/td><td><\/td><td>Quarti<\/td><\/tr><tr><td>2017-2018<\/td><td>Eccellenza<\/td><td>14\u00b0&nbsp;<\/td><td>Play out e mantenimento categoria<\/td><td>1\u00b0 turno<\/td><\/tr><tr><td>2018-2019<\/td><td>Eccellenza<\/td><td>13\u00b0<\/td><td>Play out e retrocessione<\/td><td>1\u00b0 turno<\/td><\/tr><tr><td>2019-2020<\/td><td>Promozione, girone B<\/td><td>(3\u00b0) Campionato sospeso<\/td><td><\/td><td>Interrotta<\/td><\/tr><tr><td>2020-2021<\/td><td>Promozione, girone B<\/td><td>(5\u00b0) Campionato sospeso<\/td><td>Promozione<\/td><td>Interrotta<\/td><\/tr><tr><td>2021-2022<\/td><td>Eccellenza<\/td><td>7\u00b0<\/td><td><\/td><td>1\u00b0 turno<\/td><\/tr><tr><td>2022-2023<\/td><td>Eccellenza<\/td><td>20\u00b0<\/td><td>Retrocessione<\/td><td>1\u00b0 turno<\/td><\/tr><tr><td>2023-2024<\/td><td>Promozione<\/td><td>2\u00b0<\/td><td>Play-off e promozione<\/td><td>Semifinali<\/td><\/tr><tr><td>2024-2025<\/td><td>Eccellenza<\/td><td><em>Stagione in corso<\/em><\/td><td><\/td><td><\/td><\/tr><\/tbody><\/table><\/figure>\n\n\n\n<div style=\"height:38px\" aria-hidden=\"true\" class=\"wp-block-spacer\"><\/div>\n<\/div><\/div>\n\n\n\n<div class=\"wp-container-3 wp-block-group\"><div class=\"wp-block-group__inner-container\">\n<h2 class=\"has-text-align-center\">Presidenti<\/h2>\n\n\n\n<figure class=\"wp-block-table aligncenter allinea-sinistra is-style-stripes\"><table class=\"has-fixed-layout\"><tbody><tr><td class=\"has-text-align-center\" data-align=\"center\">1986<\/td><td class=\"has-text-align-center\" data-align=\"center\">Andrej Race<\/td><\/tr><tr><td class=\"has-text-align-center\" data-align=\"center\">&#8211;<\/td><td class=\"has-text-align-center\" data-align=\"center\">Egidio Koro\u0161ec<\/td><\/tr><tr><td class=\"has-text-align-center\" data-align=\"center\">1992<\/td><td class=\"has-text-align-center\" data-align=\"center\">Vinko Grgi\u010d Gregoretti<\/td><\/tr><tr><td class=\"has-text-align-center\" data-align=\"center\">1994<\/td><td class=\"has-text-align-center\" data-align=\"center\">Domenico Centrone<\/td><\/tr><tr><td class=\"has-text-align-center\" data-align=\"center\">2010 &#8211; <\/td><td class=\"has-text-align-center\" data-align=\"center\">Goran Kocman<\/td><\/tr><\/tbody><\/table><\/figure>\n<\/div><\/div>\n","protected":false},"excerpt":{"rendered":"<p>Il Kras Football Club \u00e8 stato formalmente costituito a Repen, frazione del comune di Monrupino &#8211; Repentabor, nel 1986, uno dei pi\u00f9 piccoli comuni d\u2019Italia con una popolazione poco pi\u00f9 di 800 persone prevalentemente appartenenti alla minoranza di lingua slovena.&nbsp; Gli inizi Il sodalizio nasce dalle ceneri della sezione calcio dell&#8217;Olimpija, societ\u00e0 fondata nella frazione&#8230; <\/p>\n<div class=\"clear\"><\/div>\n<p><a href=\"https:\/\/nkkras.it\/2021\/index.php\/storia\/\" class=\"excerpt-read-more\">Read More<\/a><\/p>\n","protected":false},"author":8,"featured_media":0,"parent":0,"menu_order":0,"comment_status":"closed","ping_status":"closed","template":"","meta":{"_monsterinsights_skip_tracking":false,"_monsterinsights_sitenote_active":false,"_monsterinsights_sitenote_note":"","_monsterinsights_sitenote_category":0},"_links":{"self":[{"href":"https:\/\/nkkras.it\/2021\/index.php\/wp-json\/wp\/v2\/pages\/70211"}],"collection":[{"href":"https:\/\/nkkras.it\/2021\/index.php\/wp-json\/wp\/v2\/pages"}],"about":[{"href":"https:\/\/nkkras.it\/2021\/index.php\/wp-json\/wp\/v2\/types\/page"}],"author":[{"embeddable":true,"href":"https:\/\/nkkras.it\/2021\/index.php\/wp-json\/wp\/v2\/users\/8"}],"replies":[{"embeddable":true,"href":"https:\/\/nkkras.it\/2021\/index.php\/wp-json\/wp\/v2\/comments?post=70211"}],"version-history":[{"count":9,"href":"https:\/\/nkkras.it\/2021\/index.php\/wp-json\/wp\/v2\/pages\/70211\/revisions"}],"predecessor-version":[{"id":70305,"href":"https:\/\/nkkras.it\/2021\/index.php\/wp-json\/wp\/v2\/pages\/70211\/revisions\/70305"}],"wp:attachment":[{"href":"https:\/\/nkkras.it\/2021\/index.php\/wp-json\/wp\/v2\/media?parent=70211"}],"curies":[{"name":"wp","href":"https:\/\/api.w.org\/{rel}","templated":true}]}}